{"id":104,"date":"2025-10-23T13:53:31","date_gmt":"2025-10-23T13:53:31","guid":{"rendered":"https:\/\/zerocarbono.org\/?page_id=104"},"modified":"2025-12-01T23:51:51","modified_gmt":"2025-12-01T23:51:51","slug":"acerca-de-zc","status":"publish","type":"page","link":"https:\/\/zerocarbono.org\/en\/acerca-de-zc\/","title":{"rendered":"About US"},"content":{"rendered":"<div data-elementor-type=\"wp-page\" data-elementor-id=\"104\" class=\"elementor elementor-104\" data-elementor-post-type=\"page\">\n\t\t\t\t<div class=\"elementor-element elementor-element-7502c15 e-flex e-con-boxed e-con e-parent\" data-id=\"7502c15\" data-element_type=\"container\" data-e-type=\"container\">\n\t\t\t\t\t<div class=\"e-con-inner\">\n\t\t\t\t<div class=\"elementor-element elementor-element-5225987 elementor-widget elementor-widget-html\" data-id=\"5225987\" data-element_type=\"widget\" data-e-type=\"widget\" data-widget_type=\"html.default\">\n\t\t\t\t\t<section class=\"zc-equipo-section-full\">\r\n  <style>\r\n    .zc-equipo-section-full {\r\n      width: 100vw;\r\n      margin-left: calc(-50vw + 50%);\r\n      background: linear-gradient(180deg, #fdfefc 0%, #f3f8f3 40%, #e9f5ea 100%);\r\n      font-family: 'Poppins', 'Open Sans', sans-serif;\r\n      color: #112839;\r\n      text-align: center;\r\n      padding: 120px 0 140px;\r\n      position: relative;\r\n      overflow: hidden;\r\n    }\r\n\r\n    \/* Fondo natural sutil *\/\r\n    .zc-equipo-section-full::before {\r\n      content: \"\";\r\n      position: absolute;\r\n      inset: 0;\r\n      background: url(\"https:\/\/images.unsplash.com\/photo-1501785888041-af3ef285b470?auto=format&fit=crop&w=1920&q=80\") center\/cover no-repeat;\r\n      opacity: 0.15;\r\n      filter: brightness(1.1) saturate(0.9);\r\n      z-index: 0;\r\n      animation: floatBG 25s ease-in-out infinite alternate;\r\n    }\r\n\r\n    @keyframes floatBG {\r\n      from { transform: scale(1); }\r\n      to { transform: scale(1.05); }\r\n    }\r\n\r\n    \/* Luz ambiental *\/\r\n    .zc-equipo-section-full::after {\r\n      content: \"\";\r\n      position: absolute;\r\n      inset: 0;\r\n      background: radial-gradient(circle at 20% 30%, rgba(255, 255, 255, 0.7), transparent 60%),\r\n                  radial-gradient(circle at 70% 80%, rgba(200, 240, 200, 0.3), transparent 70%);\r\n      z-index: 1;\r\n    }\r\n\r\n    .zc-equipo-content {\r\n      position: relative;\r\n      z-index: 2;\r\n      max-width: 1400px;\r\n      margin: 0 auto;\r\n      padding: 0 40px;\r\n    }\r\n\r\n    .zc-equipo-section-full h2 {\r\n      font-size: 3rem;\r\n      font-weight: 800;\r\n      color: #112839;\r\n      margin-bottom: 25px;\r\n      text-shadow: 0 2px 10px rgba(255,255,255,0.5);\r\n    }\r\n\r\n    .zc-equipo-section-full p.intro {\r\n      max-width: 900px;\r\n      margin: 0 auto 80px;\r\n      font-size: 1.2rem;\r\n      line-height: 1.8;\r\n      color: #243730;\r\n      background: rgba(255, 255, 255, 0.55);\r\n      backdrop-filter: blur(6px);\r\n      padding: 15px 25px;\r\n      border-radius: 16px;\r\n      box-shadow: 0 4px 20px rgba(17,40,57,0.05);\r\n    }\r\n\r\n    \/* === GRILLA === *\/\r\n    .zc-equipo-grid {\r\n      display: grid;\r\n      grid-template-columns: repeat(auto-fit, minmax(320px, 1fr));\r\n      gap: 40px;\r\n      justify-items: center;\r\n      width: 100%;\r\n      margin: 0 auto;\r\n    }\r\n\r\n    .zc-card {\r\n      background: rgba(255, 255, 255, 0.92);\r\n      border-radius: 26px;\r\n      padding: 40px 25px 35px;\r\n      border: 1px solid rgba(50, 88, 37, 0.15);\r\n      box-shadow: 0 10px 35px rgba(17, 40, 57, 0.08);\r\n      transition: all 0.4s ease;\r\n      max-width: 340px;\r\n      min-height: 420px;\r\n      position: relative;\r\n      overflow: hidden;\r\n      display: flex;\r\n      flex-direction: column;\r\n      align-items: center;\r\n      justify-content: flex-start;\r\n    }\r\n\r\n    .zc-card::before {\r\n      content: \"\";\r\n      position: absolute;\r\n      top: 0;\r\n      left: 0;\r\n      width: 100%;\r\n      height: 4px;\r\n      background: linear-gradient(90deg, #325825, #9cd18f, #112839);\r\n      opacity: 0.5;\r\n    }\r\n\r\n    .zc-card:hover {\r\n      transform: translateY(-8px) scale(1.02);\r\n      box-shadow: 0 14px 45px rgba(17, 40, 57, 0.15);\r\n      border-color: rgba(50, 88, 37, 0.3);\r\n    }\r\n\r\n    \/* === FOTO FIJA === *\/\r\n    .zc-photo {\r\n      width: 150px;\r\n      height: 150px;\r\n      border-radius: 50%;\r\n      object-fit: cover;\r\n      border: 4px solid rgba(50, 88, 37, 0.3);\r\n      margin-bottom: 18px;\r\n      box-shadow: 0 0 18px rgba(50, 88, 37, 0.18);\r\n      transition: all 0.4s ease;\r\n    }\r\n\r\n    .zc-card:hover .zc-photo {\r\n      transform: scale(1.07);\r\n      border-color: rgba(3, 30, 53, 0.4);\r\n    }\r\n\r\n    \/* === INFO TEXTO === *\/\r\n    .zc-info {\r\n      flex-grow: 1;\r\n      display: flex;\r\n      flex-direction: column;\r\n      justify-content: center;\r\n    }\r\n\r\n    .zc-info h3 {\r\n      font-size: 1.2rem;\r\n      font-weight: 700;\r\n      color: #112839;\r\n      margin-bottom: 6px;\r\n    }\r\n\r\n    .zc-info .divider {\r\n      width: 40px;\r\n      height: 2px;\r\n      background: linear-gradient(90deg, #112839, #325825);\r\n      margin: 6px auto 10px;\r\n      opacity: 0.3;\r\n      border-radius: 4px;\r\n    }\r\n\r\n    .zc-info p {\r\n      font-size: 1rem;\r\n      color: #325825;\r\n      font-weight: 600;\r\n      margin-bottom: 4px;\r\n    }\r\n\r\n    .zc-info span {\r\n      font-size: 0.9rem;\r\n      color: #5f6d61;\r\n    }\r\n\r\n    \/* === ENTRADA SUAVE === *\/\r\n    @keyframes fadeUp {\r\n      from { opacity: 0; transform: translateY(20px); }\r\n      to { opacity: 1; transform: translateY(0); }\r\n    }\r\n\r\n    .zc-card {\r\n      animation: fadeUp 0.9s ease forwards;\r\n    }\r\n\r\n    .zc-card:nth-child(2) { animation-delay: 0.1s; }\r\n    .zc-card:nth-child(3) { animation-delay: 0.2s; }\r\n    .zc-card:nth-child(4) { animation-delay: 0.3s; }\r\n\r\n    @media (max-width: 1024px) {\r\n      .zc-equipo-section-full h2 { font-size: 2.4rem; }\r\n    }\r\n\r\n    @media (max-width: 768px) {\r\n      .zc-photo { width: 120px; height: 120px; }\r\n      .zc-card { min-height: 380px; }\r\n      .zc-equipo-section-full h2 { font-size: 2.1rem; }\r\n      .zc-equipo-section-full p.intro { font-size: 1rem; }\r\n    }\r\n  <\/style>\r\n\r\n  <div class=\"zc-equipo-content\">\r\n    <h2>Zero Carbono Team<\/h2>\r\n    <p class=\"intro\">\r\n      Our international team combines science, engineering, communication, and art to create projects that restore the relationship between humanity and nature.\nEach professional brings a unique perspective to sustainable development \ud83c\udf0e.\r\n    <\/p>\r\n\r\n    <div class=\"zc-equipo-grid\">\r\n      <div class=\"zc-card\">\r\n        <img decoding=\"async\" src=\"https:\/\/zerocarbono.org\/wp-content\/uploads\/2025\/11\/pm.png\" class=\"zc-photo\" alt=\"Patricio Montecinos\">\r\n        <div class=\"zc-info\">\r\n          <h3>PATRICIO<br>MONTECINOS<\/h3>\r\n          <div class=\"divider\"><\/div>\r\n          <p>CEO Founder<\/p>\r\n          <span>Executive Director<\/span>\r\n        <\/div>\r\n      <\/div>\r\n\r\n      <div class=\"zc-card\">\r\n        <img decoding=\"async\" src=\"https:\/\/zerocarbono.org\/wp-content\/uploads\/2025\/10\/CARLOS-URZUA.png\" class=\"zc-photo\" alt=\"Carlos Urz\u00faa\">\r\n        <div class=\"zc-info\">\r\n          <h3>CARLOS URZ\u00daA<\/h3>\r\n          <div class=\"divider\"><\/div>\r\n          <p>Associate Contributor<\/p>\r\n          <span>Chili<\/span>\r\n        <\/div>\r\n      <\/div>\r\n\r\n      <div class=\"zc-card\">\r\n        <img decoding=\"async\" src=\"https:\/\/zerocarbono.org\/wp-content\/uploads\/2025\/10\/DIEGO-GALLARDO.png\" class=\"zc-photo\" alt=\"Diego Gallardo\">\r\n        <div class=\"zc-info\">\r\n          <h3>DIEGO GALLARDO<\/h3>\r\n          <div class=\"divider\"><\/div>\r\n          <p>Country Manager<\/p>\r\n          <span>Colombia<\/span>\r\n        <\/div>\r\n      <\/div>\r\n\r\n      <div class=\"zc-card\">\r\n        <img decoding=\"async\" src=\"https:\/\/zerocarbono.org\/wp-content\/uploads\/2025\/10\/RAFAEL-FERBER.png\" class=\"zc-photo\" alt=\"Rafael Ferber\">\r\n        <div class=\"zc-info\">\r\n          <h3>RAFAEL FERBER<\/h3>\r\n          <div class=\"divider\"><\/div>\r\n          <p>Country Manager<\/p>\r\n          <span>Uruguay<\/span>\r\n        <\/div>\r\n      <\/div>\r\n\r\n      <div class=\"zc-card\">\r\n        <img decoding=\"async\" src=\"https:\/\/zerocarbono.org\/wp-content\/uploads\/2025\/10\/MARIE-ANNE-HULSHORST.png\" class=\"zc-photo\" alt=\"Marie Anne Hulshorst\">\r\n        <div class=\"zc-info\">\r\n          <h3>MARIE ANNE <br>HULSHORST<\/h3>\r\n          <div class=\"divider\"><\/div>\r\n          <p>Communications<\/p>\r\n          <span>and Translation<\/span>\r\n        <\/div>\r\n      <\/div>\r\n\r\n      <div class=\"zc-card\">\r\n        <img decoding=\"async\" src=\"https:\/\/zerocarbono.org\/wp-content\/uploads\/2025\/10\/PABLO-CORO.png\" class=\"zc-photo\" alt=\"Pablo Coro\">\r\n        <div class=\"zc-info\">\r\n          <h3>PABLO CORO<\/h3>\r\n          <div class=\"divider\"><\/div>\r\n          <p>Associate Agent<\/p>\r\n          <span>Patagonia \u2013 Chile<\/span>\r\n        <\/div>\r\n      <\/div>\r\n\r\n      <div class=\"zc-card\">\r\n        <img decoding=\"async\" src=\"https:\/\/zerocarbono.org\/wp-content\/uploads\/2025\/10\/AMBAR-FERNANDEZ.png\" class=\"zc-photo\" alt=\"\u00c1mbar Fern\u00e1ndez\">\r\n        <div class=\"zc-info\">\r\n          <h3>\u00c1MBAR <br>FERN\u00c1NDEZ<\/h3>\r\n          <div class=\"divider\"><\/div>\r\n          <p>Ingeniera Civil <br>Environmental<\/p>\r\n        <\/div>\r\n      <\/div>\r\n\r\n      <div class=\"zc-card\">\r\n        <img decoding=\"async\" src=\"https:\/\/zerocarbono.org\/wp-content\/uploads\/2025\/10\/CRISTINA-CORTES-.png\" class=\"zc-photo\" alt=\"Cristina Cort\u00e9s\">\r\n        <div class=\"zc-info\">\r\n          <h3>CRISTINA<br> CORT\u00c9S<\/h3>\r\n          <div class=\"divider\"><\/div>\r\n          <p>Sociologist<\/p>\r\n        <\/div>\r\n      <\/div>\r\n\r\n      <div class=\"zc-card\">\r\n        <img decoding=\"async\" src=\"https:\/\/zerocarbono.org\/wp-content\/uploads\/2025\/11\/kat.png\" class=\"zc-photo\" alt=\"Katerine Hinojosa\">\r\n        <div class=\"zc-info\">\r\n          <h3>KATERINE<br> HINOJOSA<\/h3>\r\n          <div class=\"divider\"><\/div>\r\n          <p>Web Development<\/p>\r\n        <\/div>\r\n      <\/div>\r\n    <\/div>\r\n  <\/div>\r\n<\/section>\r\n\t\t\t\t<\/div>\n\t\t\t\t\t<\/div>\n\t\t\t\t<\/div>\n\t\t\t\t<\/div>","protected":false},"excerpt":{"rendered":"<p>Equipo Zero Carbono Nuestro equipo internacional combina ciencia, ingenier\u00eda, comunicaci\u00f3n y arte para crear proyectos que restauran la relaci\u00f3n entre humanidad y naturaleza. Cada profesional aporta una visi\u00f3n \u00fanica al desarrollo sostenible \ud83c\udf0e. PATRICIOMONTECINOS CEO Fundador Director Ejecutivo CARLOS URZ\u00daA Colaborador Asociado Chile DIEGO GALLARDO Country Manager Colombia RAFAEL FERBER Country Manager Uruguay MARIE ANNE [&hellip;]<\/p>","protected":false},"author":1,"featured_media":0,"parent":0,"menu_order":0,"comment_status":"closed","ping_status":"closed","template":"","meta":{"footnotes":""},"class_list":["post-104","page","type-page","status-publish","hentry"],"_links":{"self":[{"href":"https:\/\/zerocarbono.org\/en\/wp-json\/wp\/v2\/pages\/104","targetHints":{"allow":["GET"]}}],"collection":[{"href":"https:\/\/zerocarbono.org\/en\/wp-json\/wp\/v2\/pages"}],"about":[{"href":"https:\/\/zerocarbono.org\/en\/wp-json\/wp\/v2\/types\/page"}],"author":[{"embeddable":true,"href":"https:\/\/zerocarbono.org\/en\/wp-json\/wp\/v2\/users\/1"}],"replies":[{"embeddable":true,"href":"https:\/\/zerocarbono.org\/en\/wp-json\/wp\/v2\/comments?post=104"}],"version-history":[{"count":16,"href":"https:\/\/zerocarbono.org\/en\/wp-json\/wp\/v2\/pages\/104\/revisions"}],"predecessor-version":[{"id":1462,"href":"https:\/\/zerocarbono.org\/en\/wp-json\/wp\/v2\/pages\/104\/revisions\/1462"}],"wp:attachment":[{"href":"https:\/\/zerocarbono.org\/en\/wp-json\/wp\/v2\/media?parent=104"}],"curies":[{"name":"wp","href":"https:\/\/api.w.org\/{rel}","templated":true}]}}